{"id":1906,"date":"2025-03-06T11:41:52","date_gmt":"2025-03-06T10:41:52","guid":{"rendered":"https:\/\/bauapp.hu\/?page_id=1906"},"modified":"2025-04-03T12:46:24","modified_gmt":"2025-04-03T10:46:24","slug":"termekek","status":"publish","type":"page","link":"https:\/\/bauapp.hu\/?page_id=1906","title":{"rendered":"Term\u00e9kek"},"content":{"rendered":"<section class=\"l-section wpb_row height_medium\"><div class=\"l-section-h i-cf\"><div class=\"g-cols vc_row via_grid cols_2 laptops-cols_inherit tablets-cols_inherit mobiles-cols_1 valign_top type_default stacking_default\"><div class=\"wpb_column vc_column_container\"><div class=\"vc_column-inner\"><div class=\"wpb_text_column\"><div class=\"wpb_wrapper\"><h3><b class=\"betu\">BAUAPP<\/b> <b>jegyz\u0151k\u00f6nyvek a kivitelez\u00e9si folyamatok <\/b><b>automatiz\u00e1l\u00e1s\u00e1hoz<\/b><\/h3>\n<\/div><\/div><\/div><\/div><div class=\"wpb_column vc_column_container\"><div class=\"vc_column-inner\"><div class=\"w-image align_right\"><div class=\"w-image-h\"><img loading=\"lazy\" decoding=\"async\" width=\"169\" height=\"77\" src=\"https:\/\/bauapp.hu\/wp-content\/uploads\/2025\/03\/bim.png\" class=\"attachment-large size-large\" alt=\"\" loading=\"lazy\" \/><\/div><\/div><\/div><\/div><\/div><\/div><\/section><section class=\"l-section wpb_row height_medium\"><div class=\"l-section-h i-cf\"><div class=\"g-cols vc_row via_grid cols_3 laptops-cols_inherit tablets-cols_inherit mobiles-cols_1 valign_top type_default stacking_default\"><div class=\"wpb_column vc_column_container\"><div class=\"vc_column-inner\"><div class=\"wpb_text_column\"><div class=\"wpb_wrapper\"><div class=\"teszt\">\n<div style=\"text-align: left;\"><b>L<\/b><b>AK\u00c1S \u00c1TAD\u00c1S<\/b><\/div>\n<div><img loading=\"lazy\" decoding=\"async\" src=\"https:\/\/bauapp.hu\/wp-content\/uploads\/2025\/03\/lakasatadas.jpg\" width=\"30\" height=\"30\" \/><\/div>\n<\/div>\n<ul>\n<li>Lak\u00f3i \u00e1tad\u00e1s jegyz\u0151k\u00f6nyv gener\u00e1l\u00e1sa az ingatlan adataival, automatikus hiba list\u00e1val.<\/li>\n<li>A jegyz\u0151k\u00f6nyv tartalmazza az \u00f6sszes egyedi v\u00e1ltoztat\u00e1si ig\u00e9nyt, m\u0171szaki param\u00e9tereket \u00e9s csatolm\u00e1nyokat.<\/li>\n<li>Az automata jegyz\u0151k\u00f6nyv felgyors\u00edtja az \u00e1tad\u00e1si folyamatot \u00e9s cs\u00f6kkenti a pap\u00edrmunk\u00e1t.<\/li>\n<\/ul>\n<\/div><\/div><\/div><\/div><div class=\"wpb_column vc_column_container\"><div class=\"vc_column-inner\"><div class=\"wpb_text_column\"><div class=\"wpb_wrapper\"><div class=\"teszt\">\n<div style=\"text-align: left;\"><b>ANYAGKIV\u00c1LT\u00c1S<\/b><\/div>\n<div><img loading=\"lazy\" decoding=\"async\" src=\"https:\/\/bauapp.hu\/wp-content\/uploads\/2025\/03\/anyagkivaltas.png\" alt=\"\" width=\"30\" height=\"30\"\/><\/div>\n<\/div>\n<ul>\n<li>Felgyors\u00edtja \u00e9s \u00e1tl\u00e1that\u00f3v\u00e1 teszi az anyagkiv\u00e1lt\u00e1si folyamatokat, nincs elkevered\u00e9s, nincs al\u00e1\u00edr\u00e1s, nics pap\u00edrmunka.<\/li>\n<li>A val\u00f3s idej\u0171 \u00e1ttekint\u00e9s tiszta \u00e9s egy\u00e9rtelm\u0171 j\u00f3v\u00e1hagy\u00e1si folyamatot eredm\u00e9nyez.<\/li>\n<\/ul>\n<\/div><\/div><\/div><\/div><div class=\"wpb_column vc_column_container\"><div class=\"vc_column-inner\"><div class=\"wpb_text_column\"><div class=\"wpb_wrapper\"><div class=\"teszt\">\n<div style=\"text-align: left;\"><b>MUNKA \u00c9S T\u0170ZV\u00c9DELEM<\/b><\/div>\n<div><img loading=\"lazy\" decoding=\"async\" src=\"https:\/\/bauapp.hu\/wp-content\/uploads\/2025\/03\/munka.png\" alt=\"\" width=\"30\" height=\"30\" \/><\/div>\n<\/div>\n<ul>\n<li>HSA hiba \u00e9s javaslat jegyz\u0151k\u00f6nyv<\/li>\n<li>Helysz\u00edni bej\u00e1r\u00e1sok \u00e9szrev\u00e9telez\u00e9se mobilon<\/li>\n<li>Riport szerkeszt\u00e9se weben<\/li>\n<\/ul>\n<\/div><\/div><\/div><\/div><\/div><\/div><\/section><section class=\"l-section wpb_row height_medium\"><div class=\"l-section-h i-cf\"><div class=\"g-cols vc_row via_grid cols_3 laptops-cols_inherit tablets-cols_inherit mobiles-cols_1 valign_top type_default stacking_default\"><div class=\"wpb_column vc_column_container\"><div class=\"vc_column-inner\"><div class=\"wpb_text_column\"><div class=\"wpb_wrapper\"><div class=\"teszt\">\n<div style=\"text-align: left;\"><b>KOOPER\u00c1CI\u00d3S JEGYZ\u0150K\u00d6NYV<\/b><\/div>\n<div><img loading=\"lazy\" decoding=\"async\" loading=\"lazy\" src=\"http:\/\/bauapp.hu\/wp-content\/uploads\/2025\/03\/kooperacios.jpg\" alt=\"\" width=\"30\" height=\"30\" \/><\/div>\n<\/div>\n<ul>\n<li>Heti kooper\u00e1ci\u00f3k jegzy\u0151k\u00f6nyve r\u00e9sztvev\u0151kkel, t\u00e9mak\u00f6r\u00f6kkel, feladatokkal, hat\u00e1rid\u0151kkel (pl. el\u0151re halad\u00e1s, hat\u00e1rid\u0151k, probl\u00e9m\u00e1k),.<\/li>\n<li>El\u0151seg\u00edti a tiszta kommunik\u00e1ci\u00f3t a projekt r\u00e9sztvev\u0151i k\u00f6z\u00f6tt, r\u00f6gz\u00edti a folyamatok \u00e9s a feladatok el\u0151re halad\u00e1s\u00e1t.<\/li>\n<\/ul>\n<\/div><\/div><\/div><\/div><div class=\"wpb_column vc_column_container\"><div class=\"vc_column-inner\"><div class=\"wpb_text_column\"><div class=\"wpb_wrapper\"><div class=\"teszt\">\n<div style=\"text-align: left;\"><b>ELTAKAR\u00c1SI ENGED\u00c9LY<\/b><\/div>\n<div><img loading=\"lazy\" decoding=\"async\" loading=\"lazy\" src=\"http:\/\/bauapp.hu\/wp-content\/uploads\/2025\/03\/eltakaras.png\" alt=\"\" width=\"30\" height=\"30\" \/><\/div>\n<\/div>\n<ul>\n<li>Padl\u00f3, falak, strangok eltakar\u00e1si enged\u00e9ly folyamata<\/li>\n<li>Alv\u00e1llalkoz\u00f3 vagy Gener\u00e1lkivitelez\u0151 ind\u00edtja, M\u0171szaki ellen\u0151r\u00f6k \u00e9s\/vagy Megrendel\u0151 enged\u00e9lyezik<\/li>\n<\/ul>\n<\/div><\/div><\/div><\/div><div class=\"wpb_column vc_column_container\"><div class=\"vc_column-inner\"><div class=\"wpb_text_column\"><div class=\"wpb_wrapper\"><div class=\"teszt\">\n<div style=\"text-align: left;\"><b>NAPI JELENT\u00c9S<\/b><\/div>\n<div><img loading=\"lazy\" decoding=\"async\" loading=\"lazy\" src=\"http:\/\/bauapp.hu\/wp-content\/uploads\/2025\/03\/napijelentes.png\" alt=\"\" width=\"30\" height=\"30\" \/><\/div>\n<\/div>\n<ul>\n<li>A kivitelez\u00e9s el\u0151re halad\u00e1s\u00e1t seg\u00edt monitorozni .<\/li>\n<li>Automatikusan tartalmazza az id\u0151j\u00e1r\u00e1si adatokat,<\/li>\n<li>Fot\u00f3k \u00e9s egy\u00e9b csatolm\u00e1nyok seg\u00edts\u00e9g\u00e9vel t\u00e1mogatja a projekt el\u0151rehalad\u00e1s\u00e1nak nyomon k\u00f6vet\u00e9s\u00e9t<\/li>\n<li>Alv\u00e1llalkoz\u00f3k tev\u00e9kenys\u00e9g\u00e9nek tervez\u00e9se \u00e9s nyomon k\u00f6vet\u00e9se,<\/li>\n<\/ul>\n<\/div><\/div><\/div><\/div><\/div><\/div><\/section><section class=\"l-section wpb_row height_medium\"><div class=\"l-section-h i-cf\"><div class=\"g-cols vc_row via_grid cols_3 laptops-cols_inherit tablets-cols_inherit mobiles-cols_1 valign_top type_default stacking_default\"><div class=\"wpb_column vc_column_container\"><div class=\"vc_column-inner\"><div class=\"wpb_text_column\"><div class=\"wpb_wrapper\"><div class=\"teszt\">\n<div style=\"text-align: left;\"><b>HETI JELENT\u00c9S<\/b><\/div>\n<div><img loading=\"lazy\" decoding=\"async\" loading=\"lazy\" src=\"http:\/\/bauapp.hu\/wp-content\/uploads\/2025\/03\/hetijelentes.png\" alt=\"\" width=\"30\" height=\"30\" \/><\/div>\n<\/div>\n<ul>\n<li>A kivitelez\u00e9s el\u0151re halad\u00e1s\u00e1t seg\u00edt monitorozni<\/li>\n<li>Fot\u00f3k \u00e9s egy\u00e9b csatolm\u00e1nyok seg\u00edts\u00e9g\u00e9vel t\u00e1mogatja a projekt el\u0151rehalad\u00e1s\u00e1nak nyomon k\u00f6vet\u00e9s\u00e9t<\/li>\n<li>Alv\u00e1llalkoz\u00f3k tev\u00e9kenys\u00e9g\u00e9nek tervez\u00e9se \u00e9s \u00fctemtervnek megfelel\u0151 nyomon k\u00f6vet\u00e9se,<\/li>\n<\/ul>\n<\/div><\/div><\/div><\/div><div class=\"wpb_column vc_column_container\"><div class=\"vc_column-inner\"><div class=\"wpb_text_column\"><div class=\"wpb_wrapper\"><div class=\"teszt\">\n<div style=\"text-align: left;\"><b>RFI<\/b><\/div>\n<div><img loading=\"lazy\" decoding=\"async\" loading=\"lazy\" src=\"http:\/\/bauapp.hu\/wp-content\/uploads\/2025\/03\/rfi.png\" alt=\"\" width=\"30\" height=\"30\" \/><\/div>\n<\/div>\n<ul>\n<li>A BauApp RFI a kivitelez\u00e9s k\u00f6zben felmer\u00fcl\u0151 k\u00e9rd\u00e9sek \u00e9s v\u00e1laszok egys\u00e9ges \u00e9s kontroll\u00e1lt form\u00e1ban t\u00f6rt\u00e9n\u0151 menedzsel\u00e9s\u00e9hez sz\u00fcks\u00e9ges.<\/li>\n<li>Val\u00f3s idej\u0171 \u00e1ttekint\u00e9st ad a k\u00e9r\u00e9sek \u00e1llapot\u00e1r\u00f3l, elakad\u00e1sokr\u00f3l, j\u00f3v\u00e1hagy\u00e1sokr\u00f3l, d\u00f6nt\u00e9sekr\u0151l.<\/li>\n<\/ul>\n<\/div><\/div><\/div><\/div><div class=\"wpb_column vc_column_container\"><div class=\"vc_column-inner\"><div class=\"wpb_text_column\"><div class=\"wpb_wrapper\"><div class=\"teszt\">\n<div style=\"text-align: left;\"><b>NYOM\u00c1SPR\u00d3BA JEGYZ\u0150K\u00d6NYV<\/b><\/div>\n<div><img loading=\"lazy\" decoding=\"async\" loading=\"lazy\" src=\"http:\/\/bauapp.hu\/wp-content\/uploads\/2025\/03\/nyomasproba.png\" alt=\"\" width=\"30\" height=\"30\" \/><\/div>\n<\/div>\n<ul>\n<li>G\u00e9p\u00e9szeti vezet\u00e9kek nyom\u00e1start\u00e1si jegyz\u0151k\u00f6nyve<\/li>\n<li>V\u00edz, g\u00e1z, HVAC rendszerek nyom\u00e1spr\u00f3ba jkv-e automatikusan gener\u00e1l\u00f3dik fot\u00f3kkal<\/li>\n<li>Alv\u00e1llalkoz\u00f3 ind\u00edtja a gener\u00e1l \u00e9s\/vagy m\u0171szaki ellen\u0151r\u00f6k fel\u00e9<\/li>\n<\/ul>\n<\/div><\/div><\/div><\/div><\/div><\/div><\/section><section class=\"l-section wpb_row height_medium\"><div class=\"l-section-h i-cf\"><div class=\"g-cols vc_row via_grid cols_1 laptops-cols_inherit tablets-cols_inherit mobiles-cols_1 valign_top type_default stacking_default\"><div class=\"wpb_column vc_column_container\"><div class=\"vc_column-inner\"><div class=\"wpb_text_column\"><div class=\"wpb_wrapper\"><p style=\"text-align: center;\"><b>AZ \u00d6N EGYEDI JEGYZ\u0150K\u00d6NYVE\u00a0 <img loading=\"lazy\" decoding=\"async\" loading=\"lazy\" class=\"alignnone size-full wp-image-1899\" src=\"http:\/\/bauapp.hu\/wp-content\/uploads\/2025\/03\/egyedijegyzokonyv.png\" alt=\"\" width=\"26\" height=\"27\" \/><\/b><\/p>\n<\/div><\/div><\/div><\/div><\/div><\/div><\/section><section class=\"l-section wpb_row height_medium\"><div class=\"l-section-h i-cf\"><div class=\"g-cols vc_row via_grid cols_1 laptops-cols_inherit tablets-cols_inherit mobiles-cols_1 valign_top type_default stacking_default\"><div class=\"wpb_column vc_column_container\"><div class=\"vc_column-inner\"><div class=\"w-btn-wrapper align_center\"><a class=\"w-btn us-btn-style_1\" href=\"https:\/\/bauapp.hu\/?nf_public_link=9ksou\"><span class=\"w-btn-label\">Contact us<\/span><\/a><\/div><\/div><\/div><\/div><\/div><\/section>\n","protected":false},"excerpt":{"rendered":"BAUAPP jegyz\u0151k\u00f6nyvek a kivitelez\u00e9si folyamatok automatiz\u00e1l\u00e1s\u00e1hoz LAK\u00c1S \u00c1TAD\u00c1S Lak\u00f3i \u00e1tad\u00e1s jegyz\u0151k\u00f6nyv gener\u00e1l\u00e1sa az ingatlan adataival, automatikus hiba list\u00e1val. A jegyz\u0151k\u00f6nyv tartalmazza az \u00f6sszes egyedi v\u00e1ltoztat\u00e1si ig\u00e9nyt, m\u0171szaki param\u00e9tereket \u00e9s csatolm\u00e1nyokat. Az automata jegyz\u0151k\u00f6nyv felgyors\u00edtja az \u00e1tad\u00e1si folyamatot \u00e9s cs\u00f6kkenti a pap\u00edrmunk\u00e1t. ANYAGKIV\u00c1LT\u00c1S Felgyors\u00edtja \u00e9s \u00e1tl\u00e1that\u00f3v\u00e1 teszi az anyagkiv\u00e1lt\u00e1si folyamatokat, nincs elkevered\u00e9s, nincs al\u00e1\u00edr\u00e1s, nics pap\u00edrmunka....","protected":false},"author":2,"featured_media":0,"parent":0,"menu_order":0,"comment_status":"closed","ping_status":"closed","template":"","meta":{"_exactmetrics_skip_tracking":false,"_exactmetrics_sitenote_active":false,"_exactmetrics_sitenote_note":"","_exactmetrics_sitenote_category":0,"footnotes":""},"class_list":["post-1906","page","type-page","status-publish","hentry"],"_links":{"self":[{"href":"https:\/\/bauapp.hu\/index.php?rest_route=\/wp\/v2\/pages\/1906","targetHints":{"allow":["GET"]}}],"collection":[{"href":"https:\/\/bauapp.hu\/index.php?rest_route=\/wp\/v2\/pages"}],"about":[{"href":"https:\/\/bauapp.hu\/index.php?rest_route=\/wp\/v2\/types\/page"}],"author":[{"embeddable":true,"href":"https:\/\/bauapp.hu\/index.php?rest_route=\/wp\/v2\/users\/2"}],"replies":[{"embeddable":true,"href":"https:\/\/bauapp.hu\/index.php?rest_route=%2Fwp%2Fv2%2Fcomments&post=1906"}],"version-history":[{"count":19,"href":"https:\/\/bauapp.hu\/index.php?rest_route=\/wp\/v2\/pages\/1906\/revisions"}],"predecessor-version":[{"id":1936,"href":"https:\/\/bauapp.hu\/index.php?rest_route=\/wp\/v2\/pages\/1906\/revisions\/1936"}],"wp:attachment":[{"href":"https:\/\/bauapp.hu\/index.php?rest_route=%2Fwp%2Fv2%2Fmedia&parent=1906"}],"curies":[{"name":"wp","href":"https:\/\/api.w.org\/{rel}","templated":true}]}}